{"id":24248,"date":"2026-01-13T09:07:03","date_gmt":"2026-01-13T08:07:03","guid":{"rendered":"https:\/\/coachingfeat.fr\/?page_id=24248"},"modified":"2026-02-03T11:22:02","modified_gmt":"2026-02-03T10:22:02","slug":"a-propos","status":"publish","type":"page","link":"https:\/\/coachingfeat.fr\/index.php\/a-propos\/","title":{"rendered":"A propos"},"content":{"rendered":"\t\t<div data-elementor-type=\"wp-page\" data-elementor-id=\"24248\" class=\"elementor elementor-24248\">\n\t\t\t\t\t\t<section class=\"elementor-section elementor-top-section elementor-element elementor-element-8dddcc4 elementor-section-boxed elementor-section-height-default elementor-section-height-default\" data-id=\"8dddcc4\" data-element_type=\"section\" data-e-type=\"section\">\n\t\t\t\t\t\t<div class=\"elementor-container elementor-column-gap-default\">\n\t\t\t\t\t<div class=\"elementor-column elementor-col-66 elementor-top-column elementor-element elementor-element-1a122fc\" data-id=\"1a122fc\" data-element_type=\"column\" data-e-type=\"column\">\n\t\t\t<div class=\"elementor-widget-wrap elementor-element-populated\">\n\t\t\t\t\t\t<div class=\"elementor-element elementor-element-a936a11 elementor-widget elementor-widget-text-editor\" data-id=\"a936a11\" data-element_type=\"widget\" data-e-type=\"widget\" data-widget_type=\"text-editor.default\">\n\t\t\t\t<div class=\"elementor-widget-container\">\n\t\t\t\t\t\t\t\t\t<p>Mon approche corps-esprit voit le corps comme un pouvoir merveilleux, unifi\u00e9 \u00e0 l&rsquo;esprit pour un \u00e9quilibre profond. Passionn\u00e9e d&rsquo;anatomie, j&rsquo;analyse chaque mouvement et posture en tenant compte de votre pratique sportive d&rsquo;origine, pour les soigner ou les optimiser avec pr\u00e9cision et bienveillance.<\/p><p>Issue d&rsquo;un p\u00f4le sant\u00e9, entour\u00e9e de kin\u00e9sith\u00e9rapeutes et riche de formations en sport sant\u00e9 et Pilates th\u00e9rapeutique, j&rsquo;observe, \u00e9coute et corrige pour des progr\u00e8s durables, adapt\u00e9s \u00e0 votre rythme unique.<\/p>\t\t\t\t\t\t\t\t<\/div>\n\t\t\t\t<\/div>\n\t\t\t\t\t<\/div>\n\t\t<\/div>\n\t\t\t\t<div class=\"elementor-column elementor-col-33 elementor-top-column elementor-element elementor-element-b5edb72\" data-id=\"b5edb72\" data-element_type=\"column\" data-e-type=\"column\">\n\t\t\t<div class=\"elementor-widget-wrap elementor-element-populated\">\n\t\t\t\t\t\t<div class=\"elementor-element elementor-element-2c615ec elementor-widget elementor-widget-image\" data-id=\"2c615ec\" data-element_type=\"widget\" data-e-type=\"widget\" data-widget_type=\"image.default\">\n\t\t\t\t<div class=\"elementor-widget-container\">\n\t\t\t\t\t\t\t\t\t\t\t\t\t\t\t<img alt=\"\" fetchpriority=\"high\" decoding=\"async\" width=\"683\" height=\"1024\" src=\"https:\/\/coachingfeat.fr\/wp-content\/uploads\/2026\/02\/a-propos-new-2-683x1024.jpg\" class=\"attachment-large size-large wp-image-24417\" alt=\"\" srcset=\"https:\/\/coachingfeat.fr\/wp-content\/uploads\/2026\/02\/a-propos-new-2-683x1024.jpg 683w, https:\/\/coachingfeat.fr\/wp-content\/uploads\/2026\/02\/a-propos-new-2-200x300.jpg 200w, https:\/\/coachingfeat.fr\/wp-content\/uploads\/2026\/02\/a-propos-new-2-768x1151.jpg 768w, https:\/\/coachingfeat.fr\/wp-content\/uploads\/2026\/02\/a-propos-new-2-1025x1536.jpg 1025w, https:\/\/coachingfeat.fr\/wp-content\/uploads\/2026\/02\/a-propos-new-2-1367x2048.jpg 1367w, https:\/\/coachingfeat.fr\/wp-content\/uploads\/2026\/02\/a-propos-new-2.jpg 1695w\" sizes=\"(max-width: 683px) 100vw, 683px\" \/>\t\t\t\t\t\t\t\t\t\t\t\t\t\t\t<\/div>\n\t\t\t\t<\/div>\n\t\t\t\t\t<\/div>\n\t\t<\/div>\n\t\t\t\t\t<\/div>\n\t\t<\/section>\n\t\t\t\t<\/div>\n\t\t","protected":false},"excerpt":{"rendered":"<p>Mon approche corps-esprit voit le corps comme un pouvoir merveilleux, unifi\u00e9 \u00e0 l&rsquo;esprit pour un \u00e9quilibre profond. Passionn\u00e9e d&rsquo;anatomie, j&rsquo;analyse chaque mouvement et posture en tenant compte de votre pratique sportive d&rsquo;origine, pour les soigner ou les optimiser avec pr\u00e9cision et bienveillance. Issue d&rsquo;un p\u00f4le sant\u00e9, entour\u00e9e de kin\u00e9sith\u00e9rapeutes et riche de formations en sport [&hellip;]<\/p>\n","protected":false},"author":2,"featured_media":0,"parent":0,"menu_order":0,"comment_status":"closed","ping_status":"closed","template":"","meta":{"_seopress_robots_primary_cat":"","_seopress_titles_title":"","_seopress_titles_desc":"","_seopress_robots_index":"","_monsterinsights_skip_tracking":false,"_monsterinsights_sitenote_active":false,"_monsterinsights_sitenote_note":"","_monsterinsights_sitenote_category":0,"ocean_post_layout":"","ocean_both_sidebars_style":"","ocean_both_sidebars_content_width":0,"ocean_both_sidebars_sidebars_width":0,"ocean_sidebar":"","ocean_second_sidebar":"","ocean_disable_margins":"enable","ocean_add_body_class":"","ocean_shortcode_before_top_bar":"","ocean_shortcode_after_top_bar":"","ocean_shortcode_before_header":"","ocean_shortcode_after_header":"","ocean_has_shortcode":"","ocean_shortcode_after_title":"","ocean_shortcode_before_footer_widgets":"","ocean_shortcode_after_footer_widgets":"","ocean_shortcode_before_footer_bottom":"","ocean_shortcode_after_footer_bottom":"","ocean_display_top_bar":"default","ocean_display_header":"default","ocean_header_style":"","ocean_center_header_left_menu":"","ocean_custom_header_template":"","ocean_custom_logo":0,"ocean_custom_retina_logo":0,"ocean_custom_logo_max_width":0,"ocean_custom_logo_tablet_max_width":0,"ocean_custom_logo_mobile_max_width":0,"ocean_custom_logo_max_height":0,"ocean_custom_logo_tablet_max_height":0,"ocean_custom_logo_mobile_max_height":0,"ocean_header_custom_menu":"","ocean_menu_typo_font_family":"","ocean_menu_typo_font_subset":"","ocean_menu_typo_font_size":0,"ocean_menu_typo_font_size_tablet":0,"ocean_menu_typo_font_size_mobile":0,"ocean_menu_typo_font_size_unit":"px","ocean_menu_typo_font_weight":"","ocean_menu_typo_font_weight_tablet":"","ocean_menu_typo_font_weight_mobile":"","ocean_menu_typo_transform":"","ocean_menu_typo_transform_tablet":"","ocean_menu_typo_transform_mobile":"","ocean_menu_typo_line_height":0,"ocean_menu_typo_line_height_tablet":0,"ocean_menu_typo_line_height_mobile":0,"ocean_menu_typo_line_height_unit":"","ocean_menu_typo_spacing":0,"ocean_menu_typo_spacing_tablet":0,"ocean_menu_typo_spacing_mobile":0,"ocean_menu_typo_spacing_unit":"","ocean_menu_link_color":"","ocean_menu_link_color_hover":"","ocean_menu_link_color_active":"","ocean_menu_link_background":"","ocean_menu_link_hover_background":"","ocean_menu_link_active_background":"","ocean_menu_social_links_bg":"","ocean_menu_social_hover_links_bg":"","ocean_menu_social_links_color":"","ocean_menu_social_hover_links_color":"","ocean_disable_title":"default","ocean_disable_heading":"default","ocean_post_title":"","ocean_post_subheading":"","ocean_post_title_style":"","ocean_post_title_background_color":"","ocean_post_title_background":0,"ocean_post_title_bg_image_position":"","ocean_post_title_bg_image_attachment":"","ocean_post_title_bg_image_repeat":"","ocean_post_title_bg_image_size":"","ocean_post_title_height":0,"ocean_post_title_bg_overlay":0.5,"ocean_post_title_bg_overlay_color":"","ocean_disable_breadcrumbs":"default","ocean_breadcrumbs_color":"","ocean_breadcrumbs_separator_color":"","ocean_breadcrumbs_links_color":"","ocean_breadcrumbs_links_hover_color":"","ocean_display_footer_widgets":"default","ocean_display_footer_bottom":"default","ocean_custom_footer_template":"","footnotes":""},"class_list":["post-24248","page","type-page","status-publish","hentry","entry"],"_links":{"self":[{"href":"https:\/\/coachingfeat.fr\/index.php\/wp-json\/wp\/v2\/pages\/24248","targetHints":{"allow":["GET"]}}],"collection":[{"href":"https:\/\/coachingfeat.fr\/index.php\/wp-json\/wp\/v2\/pages"}],"about":[{"href":"https:\/\/coachingfeat.fr\/index.php\/wp-json\/wp\/v2\/types\/page"}],"author":[{"embeddable":true,"href":"https:\/\/coachingfeat.fr\/index.php\/wp-json\/wp\/v2\/users\/2"}],"replies":[{"embeddable":true,"href":"https:\/\/coachingfeat.fr\/index.php\/wp-json\/wp\/v2\/comments?post=24248"}],"version-history":[{"count":8,"href":"https:\/\/coachingfeat.fr\/index.php\/wp-json\/wp\/v2\/pages\/24248\/revisions"}],"predecessor-version":[{"id":24854,"href":"https:\/\/coachingfeat.fr\/index.php\/wp-json\/wp\/v2\/pages\/24248\/revisions\/24854"}],"wp:attachment":[{"href":"https:\/\/coachingfeat.fr\/index.php\/wp-json\/wp\/v2\/media?parent=24248"}],"curies":[{"name":"wp","href":"https:\/\/api.w.org\/{rel}","templated":true}]}}