{"id":24243,"date":"2026-01-13T09:06:04","date_gmt":"2026-01-13T08:06:04","guid":{"rendered":"https:\/\/coachingfeat.fr\/?page_id=24243"},"modified":"2026-04-17T15:07:14","modified_gmt":"2026-04-17T13:07:14","slug":"le-virtuel","status":"publish","type":"page","link":"https:\/\/coachingfeat.fr\/index.php\/le-virtuel\/","title":{"rendered":"Le virtuel"},"content":{"rendered":"\t\t<div data-elementor-type=\"wp-page\" data-elementor-id=\"24243\" class=\"elementor elementor-24243\">\n\t\t\t\t\t\t<section class=\"elementor-section elementor-top-section elementor-element elementor-element-030940e elementor-section-boxed elementor-section-height-default elementor-section-height-default\" data-id=\"030940e\" data-element_type=\"section\" data-e-type=\"section\">\n\t\t\t\t\t\t<div class=\"elementor-container elementor-column-gap-default\">\n\t\t\t\t\t<div class=\"elementor-column elementor-col-100 elementor-top-column elementor-element elementor-element-2755f60\" data-id=\"2755f60\" data-element_type=\"column\" data-e-type=\"column\">\n\t\t\t<div class=\"elementor-widget-wrap elementor-element-populated\">\n\t\t\t\t\t\t<div class=\"elementor-element elementor-element-e585872 elementor-widget elementor-widget-image\" data-id=\"e585872\" data-element_type=\"widget\" data-e-type=\"widget\" data-widget_type=\"image.default\">\n\t\t\t\t<div class=\"elementor-widget-container\">\n\t\t\t\t\t\t\t\t\t\t\t\t\t\t\t<img fetchpriority=\"high\" decoding=\"async\" width=\"975\" height=\"325\" src=\"https:\/\/coachingfeat.fr\/wp-content\/uploads\/2026\/04\/2.jpg\" class=\"attachment-2048x2048 size-2048x2048 wp-image-24605\" alt=\"2\" srcset=\"https:\/\/coachingfeat.fr\/wp-content\/uploads\/2026\/04\/2.jpg 975w, https:\/\/coachingfeat.fr\/wp-content\/uploads\/2026\/04\/2-300x100.jpg 300w, https:\/\/coachingfeat.fr\/wp-content\/uploads\/2026\/04\/2-768x256.jpg 768w\" sizes=\"(max-width: 975px) 100vw, 975px\" \/>\t\t\t\t\t\t\t\t\t\t\t\t\t\t\t<\/div>\n\t\t\t\t<\/div>\n\t\t\t\t\t<\/div>\n\t\t<\/div>\n\t\t\t\t\t<\/div>\n\t\t<\/section>\n\t\t\t\t<section class=\"elementor-section elementor-top-section elementor-element elementor-element-d1f6212 elementor-section-boxed elementor-section-height-default elementor-section-height-default\" data-id=\"d1f6212\" data-element_type=\"section\" data-e-type=\"section\">\n\t\t\t\t\t\t<div class=\"elementor-container elementor-column-gap-default\">\n\t\t\t\t\t<div class=\"elementor-column elementor-col-100 elementor-top-column elementor-element elementor-element-dac1bac\" data-id=\"dac1bac\" data-element_type=\"column\" data-e-type=\"column\">\n\t\t\t<div class=\"elementor-widget-wrap elementor-element-populated\">\n\t\t\t\t\t\t<div class=\"elementor-element elementor-element-f1c0cea elementor-widget elementor-widget-spacer\" data-id=\"f1c0cea\" data-element_type=\"widget\" data-e-type=\"widget\" data-widget_type=\"spacer.default\">\n\t\t\t\t<div class=\"elementor-widget-container\">\n\t\t\t\t\t\t\t<div class=\"elementor-spacer\">\n\t\t\t<div class=\"elementor-spacer-inner\"><\/div>\n\t\t<\/div>\n\t\t\t\t\t\t<\/div>\n\t\t\t\t<\/div>\n\t\t\t\t\t<\/div>\n\t\t<\/div>\n\t\t\t\t\t<\/div>\n\t\t<\/section>\n\t\t\t\t<section class=\"elementor-section elementor-top-section elementor-element elementor-element-5dd89c5 elementor-section-boxed elementor-section-height-default elementor-section-height-default\" data-id=\"5dd89c5\" data-element_type=\"section\" data-e-type=\"section\">\n\t\t\t\t\t\t<div class=\"elementor-container elementor-column-gap-default\">\n\t\t\t\t\t<div class=\"elementor-column elementor-col-100 elementor-top-column elementor-element elementor-element-eb7efed\" data-id=\"eb7efed\" data-element_type=\"column\" data-e-type=\"column\">\n\t\t\t<div class=\"elementor-widget-wrap elementor-element-populated\">\n\t\t\t\t\t\t<div class=\"elementor-element elementor-element-3c0d73d elementor-widget elementor-widget-text-editor\" data-id=\"3c0d73d\" data-element_type=\"widget\" data-e-type=\"widget\" data-widget_type=\"text-editor.default\">\n\t\t\t\t<div class=\"elementor-widget-container\">\n\t\t\t\t\t\t\t\t\t<p>\u00a0Bient\u00f4t, les cours en visio viendront donner vie \u00e0 ta pratique\u202f: des moments partag\u00e9s, du souffle, du mouvement, et toute l\u2019\u00e9nergie du groupe, m\u00eame \u00e0 distance.<\/p><p>En attendant, le programme\u00a0<a href=\"https:\/\/coachingfeat.fr\/index.php\/programme-essentiel\/\"><strong>Essentiel<\/strong><\/a>\u00a0t\u2019accompagne pas \u00e0 pas pour construire des bases solides, retrouver la fluidit\u00e9 et sentir ton corps bouger avec confiance et l\u00e9g\u00e8ret\u00e9.<\/p><p>Pr\u00e9pare ton espace, d\u00e9roule ton tapis\u2026 le reste, on le fera ensemble.\u00a0<\/p>\t\t\t\t\t\t\t\t<\/div>\n\t\t\t\t<\/div>\n\t\t\t\t\t<\/div>\n\t\t<\/div>\n\t\t\t\t\t<\/div>\n\t\t<\/section>\n\t\t\t\t<section class=\"elementor-section elementor-top-section elementor-element elementor-element-c2b7d32 elementor-section-boxed elementor-section-height-default elementor-section-height-default\" data-id=\"c2b7d32\" data-element_type=\"section\" data-e-type=\"section\">\n\t\t\t\t\t\t<div class=\"elementor-container elementor-column-gap-default\">\n\t\t\t\t\t<div class=\"elementor-column elementor-col-33 elementor-top-column elementor-element elementor-element-ce411d4\" data-id=\"ce411d4\" data-element_type=\"column\" data-e-type=\"column\">\n\t\t\t<div class=\"elementor-widget-wrap\">\n\t\t\t\t\t\t\t<\/div>\n\t\t<\/div>\n\t\t\t\t<div class=\"elementor-column elementor-col-33 elementor-top-column elementor-element elementor-element-5d58e83\" data-id=\"5d58e83\" data-element_type=\"column\" data-e-type=\"column\">\n\t\t\t<div class=\"elementor-widget-wrap elementor-element-populated\">\n\t\t\t\t\t\t<div class=\"elementor-element elementor-element-811b230 elementor-widget elementor-widget-image\" data-id=\"811b230\" data-element_type=\"widget\" data-e-type=\"widget\" data-widget_type=\"image.default\">\n\t\t\t\t<div class=\"elementor-widget-container\">\n\t\t\t\t\t\t\t\t\t\t\t\t\t\t\t\t<a href=\"https:\/\/coachingfeat.fr\/index.php\/programme-essentiel\/\" target=\"_blank\">\n\t\t\t\t\t\t\t<img decoding=\"async\" width=\"188\" height=\"300\" src=\"https:\/\/coachingfeat.fr\/wp-content\/uploads\/2026\/04\/essentiel-188x300.jpg\" class=\"attachment-medium size-medium wp-image-24622\" alt=\"essentiel\" srcset=\"https:\/\/coachingfeat.fr\/wp-content\/uploads\/2026\/04\/essentiel-188x300.jpg 188w, https:\/\/coachingfeat.fr\/wp-content\/uploads\/2026\/04\/essentiel.jpg 591w\" sizes=\"(max-width: 188px) 100vw, 188px\" \/>\t\t\t\t\t\t\t\t<\/a>\n\t\t\t\t\t\t\t\t\t\t\t\t\t\t\t<\/div>\n\t\t\t\t<\/div>\n\t\t\t\t\t<\/div>\n\t\t<\/div>\n\t\t\t\t<div class=\"elementor-column elementor-col-33 elementor-top-column elementor-element elementor-element-10a7fa4\" data-id=\"10a7fa4\" data-element_type=\"column\" data-e-type=\"column\">\n\t\t\t<div class=\"elementor-widget-wrap\">\n\t\t\t\t\t\t\t<\/div>\n\t\t<\/div>\n\t\t\t\t\t<\/div>\n\t\t<\/section>\n\t\t\t\t<section class=\"elementor-section elementor-top-section elementor-element elementor-element-fe76ad0 elementor-section-boxed elementor-section-height-default elementor-section-height-default\" data-id=\"fe76ad0\" data-element_type=\"section\" data-e-type=\"section\">\n\t\t\t\t\t\t<div class=\"elementor-container elementor-column-gap-default\">\n\t\t\t\t\t<div class=\"elementor-column elementor-col-100 elementor-top-column elementor-element elementor-element-92b8c95\" data-id=\"92b8c95\" data-element_type=\"column\" data-e-type=\"column\">\n\t\t\t<div class=\"elementor-widget-wrap elementor-element-populated\">\n\t\t\t\t\t\t<div class=\"elementor-element elementor-element-a32030e elementor-button-success elementor-align-center elementor-widget elementor-widget-button\" data-id=\"a32030e\" data-element_type=\"widget\" data-e-type=\"widget\" data-widget_type=\"button.default\">\n\t\t\t\t<div class=\"elementor-widget-container\">\n\t\t\t\t\t\t\t\t\t<div class=\"elementor-button-wrapper\">\n\t\t\t\t\t<a class=\"elementor-button elementor-button-link elementor-size-sm\" href=\"https:\/\/coachingfeat.fr\/index.php\/programme-essentiel\/\" target=\"_blank\">\n\t\t\t\t\t\t<span class=\"elementor-button-content-wrapper\">\n\t\t\t\t\t\t\t\t\t<span class=\"elementor-button-text\">J'acc\u00e8de au programme Essentiel<\/span>\n\t\t\t\t\t<\/span>\n\t\t\t\t\t<\/a>\n\t\t\t\t<\/div>\n\t\t\t\t\t\t\t\t<\/div>\n\t\t\t\t<\/div>\n\t\t\t\t\t<\/div>\n\t\t<\/div>\n\t\t\t\t\t<\/div>\n\t\t<\/section>\n\t\t\t\t<\/div>\n\t\t","protected":false},"excerpt":{"rendered":"<p>\u00a0Bient\u00f4t, les cours en visio viendront donner vie \u00e0 ta pratique\u202f: des moments partag\u00e9s, du souffle, du mouvement, et toute l\u2019\u00e9nergie du groupe, m\u00eame \u00e0 distance. En attendant, le programme\u00a0Essentiel\u00a0t\u2019accompagne pas \u00e0 pas pour construire des bases solides, retrouver la fluidit\u00e9 et sentir ton corps bouger avec confiance et l\u00e9g\u00e8ret\u00e9. Pr\u00e9pare ton espace, d\u00e9roule ton [&hellip;]<\/p>\n","protected":false},"author":2,"featured_media":0,"parent":0,"menu_order":0,"comment_status":"closed","ping_status":"closed","template":"","meta":{"_seopress_robots_primary_cat":"","_seopress_titles_title":"","_seopress_titles_desc":"","_seopress_robots_index":"","_monsterinsights_skip_tracking":false,"_monsterinsights_sitenote_active":false,"_monsterinsights_sitenote_note":"","_monsterinsights_sitenote_category":0,"ocean_post_layout":"","ocean_both_sidebars_style":"","ocean_both_sidebars_content_width":0,"ocean_both_sidebars_sidebars_width":0,"ocean_sidebar":"","ocean_second_sidebar":"","ocean_disable_margins":"enable","ocean_add_body_class":"","ocean_shortcode_before_top_bar":"","ocean_shortcode_after_top_bar":"","ocean_shortcode_before_header":"","ocean_shortcode_after_header":"","ocean_has_shortcode":"","ocean_shortcode_after_title":"","ocean_shortcode_before_footer_widgets":"","ocean_shortcode_after_footer_widgets":"","ocean_shortcode_before_footer_bottom":"","ocean_shortcode_after_footer_bottom":"","ocean_display_top_bar":"default","ocean_display_header":"default","ocean_header_style":"","ocean_center_header_left_menu":"","ocean_custom_header_template":"","ocean_custom_logo":0,"ocean_custom_retina_logo":0,"ocean_custom_logo_max_width":0,"ocean_custom_logo_tablet_max_width":0,"ocean_custom_logo_mobile_max_width":0,"ocean_custom_logo_max_height":0,"ocean_custom_logo_tablet_max_height":0,"ocean_custom_logo_mobile_max_height":0,"ocean_header_custom_menu":"","ocean_menu_typo_font_family":"","ocean_menu_typo_font_subset":"","ocean_menu_typo_font_size":0,"ocean_menu_typo_font_size_tablet":0,"ocean_menu_typo_font_size_mobile":0,"ocean_menu_typo_font_size_unit":"px","ocean_menu_typo_font_weight":"","ocean_menu_typo_font_weight_tablet":"","ocean_menu_typo_font_weight_mobile":"","ocean_menu_typo_transform":"","ocean_menu_typo_transform_tablet":"","ocean_menu_typo_transform_mobile":"","ocean_menu_typo_line_height":0,"ocean_menu_typo_line_height_tablet":0,"ocean_menu_typo_line_height_mobile":0,"ocean_menu_typo_line_height_unit":"","ocean_menu_typo_spacing":0,"ocean_menu_typo_spacing_tablet":0,"ocean_menu_typo_spacing_mobile":0,"ocean_menu_typo_spacing_unit":"","ocean_menu_link_color":"","ocean_menu_link_color_hover":"","ocean_menu_link_color_active":"","ocean_menu_link_background":"","ocean_menu_link_hover_background":"","ocean_menu_link_active_background":"","ocean_menu_social_links_bg":"","ocean_menu_social_hover_links_bg":"","ocean_menu_social_links_color":"","ocean_menu_social_hover_links_color":"","ocean_disable_title":"default","ocean_disable_heading":"default","ocean_post_title":"","ocean_post_subheading":"","ocean_post_title_style":"","ocean_post_title_background_color":"","ocean_post_title_background":0,"ocean_post_title_bg_image_position":"","ocean_post_title_bg_image_attachment":"","ocean_post_title_bg_image_repeat":"","ocean_post_title_bg_image_size":"","ocean_post_title_height":0,"ocean_post_title_bg_overlay":0.5,"ocean_post_title_bg_overlay_color":"","ocean_disable_breadcrumbs":"default","ocean_breadcrumbs_color":"","ocean_breadcrumbs_separator_color":"","ocean_breadcrumbs_links_color":"","ocean_breadcrumbs_links_hover_color":"","ocean_display_footer_widgets":"default","ocean_display_footer_bottom":"default","ocean_custom_footer_template":"","footnotes":""},"class_list":["post-24243","page","type-page","status-publish","hentry","entry"],"_links":{"self":[{"href":"https:\/\/coachingfeat.fr\/index.php\/wp-json\/wp\/v2\/pages\/24243","targetHints":{"allow":["GET"]}}],"collection":[{"href":"https:\/\/coachingfeat.fr\/index.php\/wp-json\/wp\/v2\/pages"}],"about":[{"href":"https:\/\/coachingfeat.fr\/index.php\/wp-json\/wp\/v2\/types\/page"}],"author":[{"embeddable":true,"href":"https:\/\/coachingfeat.fr\/index.php\/wp-json\/wp\/v2\/users\/2"}],"replies":[{"embeddable":true,"href":"https:\/\/coachingfeat.fr\/index.php\/wp-json\/wp\/v2\/comments?post=24243"}],"version-history":[{"count":76,"href":"https:\/\/coachingfeat.fr\/index.php\/wp-json\/wp\/v2\/pages\/24243\/revisions"}],"predecessor-version":[{"id":24847,"href":"https:\/\/coachingfeat.fr\/index.php\/wp-json\/wp\/v2\/pages\/24243\/revisions\/24847"}],"wp:attachment":[{"href":"https:\/\/coachingfeat.fr\/index.php\/wp-json\/wp\/v2\/media?parent=24243"}],"curies":[{"name":"wp","href":"https:\/\/api.w.org\/{rel}","templated":true}]}}